{"id":9,"date":"2024-05-31T08:48:20","date_gmt":"2024-05-31T11:48:20","guid":{"rendered":"http:\/\/inovsaude.pt\/Odonto\/?page_id=9"},"modified":"2024-08-06T15:08:34","modified_gmt":"2024-08-06T18:08:34","slug":"quem-somos","status":"publish","type":"page","link":"https:\/\/inovsaude.pt\/Odonto\/quem-somos\/","title":{"rendered":"Blog"},"content":{"rendered":"\t\t<div data-elementor-type=\"wp-page\" data-elementor-id=\"9\" class=\"elementor elementor-9\" data-elementor-post-type=\"page\">\n\t\t\t\t<div class=\"elementor-element elementor-element-57262a1 e-flex e-con-boxed e-con e-parent\" data-id=\"57262a1\" data-element_type=\"container\">\n\t\t\t\t\t<div class=\"e-con-inner\">\n\t\t\t\t<div class=\"elementor-element elementor-element-3d67866 animated-fast elementor-invisible elementor-widget elementor-widget-heading\" data-id=\"3d67866\" data-element_type=\"widget\" data-settings=\"{&quot;_animation&quot;:&quot;fadeInDown&quot;,&quot;_animation_delay&quot;:0}\" data-widget_type=\"heading.default\">\n\t\t\t\t<div class=\"elementor-widget-container\">\n\t\t\t<style>\/*! elementor - v3.21.0 - 26-05-2024 *\/\n.elementor-heading-title{padding:0;margin:0;line-height:1}.elementor-widget-heading .elementor-heading-title[class*=elementor-size-]>a{color:inherit;font-size:inherit;line-height:inherit}.elementor-widget-heading .elementor-heading-title.elementor-size-small{font-size:15px}.elementor-widget-heading .elementor-heading-title.elementor-size-medium{font-size:19px}.elementor-widget-heading .elementor-heading-title.elementor-size-large{font-size:29px}.elementor-widget-heading .elementor-heading-title.elementor-size-xl{font-size:39px}.elementor-widget-heading .elementor-heading-title.elementor-size-xxl{font-size:59px}<\/style><h2 class=\"elementor-heading-title elementor-size-default\">Mat\u00e9rias sobre sa\u00fade oral<\/h2>\t\t<\/div>\n\t\t\t\t<\/div>\n\t\t\t\t<div class=\"elementor-element elementor-element-f32c313 animated-fast elementor-invisible elementor-widget elementor-widget-heading\" data-id=\"f32c313\" data-element_type=\"widget\" data-settings=\"{&quot;_animation&quot;:&quot;fadeInLeft&quot;}\" data-widget_type=\"heading.default\">\n\t\t\t\t<div class=\"elementor-widget-container\">\n\t\t\t<h2 class=\"elementor-heading-title elementor-size-default\">Informe-se sobre as melhores formas para <br> cuidar do seu sorriso  <\/h2>\t\t<\/div>\n\t\t\t\t<\/div>\n\t\t\t\t\t<\/div>\n\t\t\t\t<\/div>\n\t\t<div class=\"elementor-element elementor-element-fef0fcc animated-fast e-flex e-con-boxed elementor-invisible e-con e-parent\" data-id=\"fef0fcc\" data-element_type=\"container\" data-settings=\"{&quot;animation&quot;:&quot;fadeInRight&quot;}\">\n\t\t\t\t\t<div class=\"e-con-inner\">\n\t\t<div class=\"elementor-element elementor-element-21e0156 e-flex e-con-boxed e-con e-child\" data-id=\"21e0156\" data-element_type=\"container\">\n\t\t\t\t\t<div class=\"e-con-inner\">\n\t\t<div class=\"elementor-element elementor-element-61196f7 e-con-full e-flex e-con e-child\" data-id=\"61196f7\" data-element_type=\"container\">\n\t\t\t\t<div class=\"elementor-element elementor-element-2cc684d elementor-widget elementor-widget-image\" data-id=\"2cc684d\" data-element_type=\"widget\" data-widget_type=\"image.default\">\n\t\t\t\t<div class=\"elementor-widget-container\">\n\t\t\t<style>\/*! elementor - v3.21.0 - 26-05-2024 *\/\n.elementor-widget-image{text-align:center}.elementor-widget-image a{display:inline-block}.elementor-widget-image a img[src$=\".svg\"]{width:48px}.elementor-widget-image img{vertical-align:middle;display:inline-block}<\/style>\t\t\t\t\t\t\t\t\t\t<img decoding=\"async\" src=\"https:\/\/inovsaude.pt\/Odonto\/wp-content\/uploads\/2024\/07\/A7307202-scaled.jpg\" title=\"A7307202\" alt=\"A7307202\" loading=\"lazy\" \/>\t\t\t\t\t\t\t\t\t\t\t\t\t<\/div>\n\t\t\t\t<\/div>\n\t\t\t\t<div class=\"elementor-element elementor-element-4922fa0 elementor-widget elementor-widget-heading\" data-id=\"4922fa0\" data-element_type=\"widget\" data-widget_type=\"heading.default\">\n\t\t\t\t<div class=\"elementor-widget-container\">\n\t\t\t<h2 class=\"elementor-heading-title elementor-size-default\">A Import\u00e2ncia da Sa\u00fade Gengival para a Sa\u00fade Geral<\/h2>\t\t<\/div>\n\t\t\t\t<\/div>\n\t\t\t\t<div class=\"elementor-element elementor-element-16d2b6e elementor-widget elementor-widget-text-editor\" data-id=\"16d2b6e\" data-element_type=\"widget\" data-widget_type=\"text-editor.default\">\n\t\t\t\t<div class=\"elementor-widget-container\">\n\t\t\t<style>\/*! elementor - v3.21.0 - 26-05-2024 *\/\n.elementor-widget-text-editor.elementor-drop-cap-view-stacked .elementor-drop-cap{background-color:#69727d;color:#fff}.elementor-widget-text-editor.elementor-drop-cap-view-framed .elementor-drop-cap{color:#69727d;border:3px solid;background-color:transparent}.elementor-widget-text-editor:not(.elementor-drop-cap-view-default) .elementor-drop-cap{margin-top:8px}.elementor-widget-text-editor:not(.elementor-drop-cap-view-default) .elementor-drop-cap-letter{width:1em;height:1em}.elementor-widget-text-editor .elementor-drop-cap{float:left;text-align:center;line-height:1;font-size:50px}.elementor-widget-text-editor .elementor-drop-cap-letter{display:inline-block}<\/style>\t\t\t\t<p>A sa\u00fade gengival \u00e9 um aspecto essencial da sa\u00fade bucal, mas seu impacto vai muito <br \/>al\u00e9m da boca&#8230;<\/p>\t\t\t\t\t\t<\/div>\n\t\t\t\t<\/div>\n\t\t\t\t<div class=\"elementor-element elementor-element-35abfcd elementor-widget elementor-widget-button\" data-id=\"35abfcd\" data-element_type=\"widget\" data-widget_type=\"button.default\">\n\t\t\t\t<div class=\"elementor-widget-container\">\n\t\t\t\t\t<div class=\"elementor-button-wrapper\">\n\t\t\t<a class=\"elementor-button elementor-button-link elementor-size-sm\" href=\"http:\/\/inovsaude.pt\/Odonto\/what-you-need-to-know-about-wisdom\/\">\n\t\t\t\t\t\t<span class=\"elementor-button-content-wrapper\">\n\t\t\t\t\t\t\t\t\t<span class=\"elementor-button-text\">Ver mais<\/span>\n\t\t\t\t\t<\/span>\n\t\t\t\t\t<\/a>\n\t\t<\/div>\n\t\t\t\t<\/div>\n\t\t\t\t<\/div>\n\t\t\t\t<\/div>\n\t\t<div class=\"elementor-element elementor-element-c493e1c e-con-full e-flex e-con e-child\" data-id=\"c493e1c\" data-element_type=\"container\">\n\t\t\t\t<div class=\"elementor-element elementor-element-3d44919 elementor-widget elementor-widget-image\" data-id=\"3d44919\" data-element_type=\"widget\" data-widget_type=\"image.default\">\n\t\t\t\t<div class=\"elementor-widget-container\">\n\t\t\t\t\t\t\t\t\t\t\t\t\t<img decoding=\"async\" src=\"https:\/\/inovsaude.pt\/Odonto\/wp-content\/uploads\/2024\/07\/A7306882-scaled.jpg\" title=\"A7306882\" alt=\"A7306882\" loading=\"lazy\" \/>\t\t\t\t\t\t\t\t\t\t\t\t\t<\/div>\n\t\t\t\t<\/div>\n\t\t\t\t<div class=\"elementor-element elementor-element-f7fbfc1 elementor-widget elementor-widget-heading\" data-id=\"f7fbfc1\" data-element_type=\"widget\" data-widget_type=\"heading.default\">\n\t\t\t\t<div class=\"elementor-widget-container\">\n\t\t\t<h2 class=\"elementor-heading-title elementor-size-default\">Bruxismo: entenda um pouco sobre o que \u00e9 e como tratar<\/h2>\t\t<\/div>\n\t\t\t\t<\/div>\n\t\t\t\t<div class=\"elementor-element elementor-element-e3d08a5 elementor-widget elementor-widget-text-editor\" data-id=\"e3d08a5\" data-element_type=\"widget\" data-widget_type=\"text-editor.default\">\n\t\t\t\t<div class=\"elementor-widget-container\">\n\t\t\t\t\t\t\t<p>O bruxismo \u00e9 uma condi\u00e7\u00e3o comum que afeta muitas pessoas em diferentes faixas <br \/>et\u00e1rias&#8230;<\/p>\t\t\t\t\t\t<\/div>\n\t\t\t\t<\/div>\n\t\t\t\t<div class=\"elementor-element elementor-element-f4adc7c elementor-widget elementor-widget-button\" data-id=\"f4adc7c\" data-element_type=\"widget\" data-widget_type=\"button.default\">\n\t\t\t\t<div class=\"elementor-widget-container\">\n\t\t\t\t\t<div class=\"elementor-button-wrapper\">\n\t\t\t<a class=\"elementor-button elementor-button-link elementor-size-sm\" href=\"http:\/\/inovsaude.pt\/Odonto\/bruxismo-entenda-um-pouco-sobre-o-que-e-e-como-tratar\/\">\n\t\t\t\t\t\t<span class=\"elementor-button-content-wrapper\">\n\t\t\t\t\t\t\t\t\t<span class=\"elementor-button-text\">Ver mais<\/span>\n\t\t\t\t\t<\/span>\n\t\t\t\t\t<\/a>\n\t\t<\/div>\n\t\t\t\t<\/div>\n\t\t\t\t<\/div>\n\t\t\t\t<\/div>\n\t\t<div class=\"elementor-element elementor-element-e363c3e e-con-full e-flex e-con e-child\" data-id=\"e363c3e\" data-element_type=\"container\">\n\t\t\t\t<div class=\"elementor-element elementor-element-2287f46 elementor-widget elementor-widget-image\" data-id=\"2287f46\" data-element_type=\"widget\" data-widget_type=\"image.default\">\n\t\t\t\t<div class=\"elementor-widget-container\">\n\t\t\t\t\t\t\t\t\t\t\t\t\t<img decoding=\"async\" src=\"https:\/\/inovsaude.pt\/Odonto\/wp-content\/uploads\/2024\/07\/A7306640-scaled.jpg\" title=\"A7306640\" alt=\"A7306640\" loading=\"lazy\" \/>\t\t\t\t\t\t\t\t\t\t\t\t\t<\/div>\n\t\t\t\t<\/div>\n\t\t\t\t<div class=\"elementor-element elementor-element-0dc5499 elementor-widget elementor-widget-heading\" data-id=\"0dc5499\" data-element_type=\"widget\" data-widget_type=\"heading.default\">\n\t\t\t\t<div class=\"elementor-widget-container\">\n\t\t\t<h2 class=\"elementor-heading-title elementor-size-default\">A primeira consulta da crian\u00e7a com o dentista\n<\/h2>\t\t<\/div>\n\t\t\t\t<\/div>\n\t\t\t\t<div class=\"elementor-element elementor-element-3e07722 elementor-widget elementor-widget-text-editor\" data-id=\"3e07722\" data-element_type=\"widget\" data-widget_type=\"text-editor.default\">\n\t\t\t\t<div class=\"elementor-widget-container\">\n\t\t\t\t\t\t\t<p>A primeira consulta da crian\u00e7a com o dentista \u00e9 um momento especial\u00a0<br \/>tanto para os pais quanto para o pequeno paciente&#8230;<\/p>\t\t\t\t\t\t<\/div>\n\t\t\t\t<\/div>\n\t\t\t\t<div class=\"elementor-element elementor-element-f9e51f9 elementor-widget elementor-widget-button\" data-id=\"f9e51f9\" data-element_type=\"widget\" data-widget_type=\"button.default\">\n\t\t\t\t<div class=\"elementor-widget-container\">\n\t\t\t\t\t<div class=\"elementor-button-wrapper\">\n\t\t\t<a class=\"elementor-button elementor-button-link elementor-size-sm\" href=\"http:\/\/inovsaude.pt\/Odonto\/a-primeira-consulta-da-crianca-com-o-dentista-um-passo-importante-para-um-sorriso-saudavel\/\">\n\t\t\t\t\t\t<span class=\"elementor-button-content-wrapper\">\n\t\t\t\t\t\t\t\t\t<span class=\"elementor-button-text\">Ver mais<\/span>\n\t\t\t\t\t<\/span>\n\t\t\t\t\t<\/a>\n\t\t<\/div>\n\t\t\t\t<\/div>\n\t\t\t\t<\/div>\n\t\t\t\t<\/div>\n\t\t\t\t\t<\/div>\n\t\t\t\t<\/div>\n\t\t\t\t\t<\/div>\n\t\t\t\t<\/div>\n\t\t<div class=\"elementor-element elementor-element-da25d19 animated-fast e-flex e-con-boxed elementor-invisible e-con e-parent\" data-id=\"da25d19\" data-element_type=\"container\" data-settings=\"{&quot;animation&quot;:&quot;fadeInRight&quot;}\">\n\t\t\t\t\t<div class=\"e-con-inner\">\n\t\t<div class=\"elementor-element elementor-element-1865505 e-flex e-con-boxed e-con e-child\" data-id=\"1865505\" data-element_type=\"container\">\n\t\t\t\t\t<div class=\"e-con-inner\">\n\t\t<div class=\"elementor-element elementor-element-0aa22d9 e-con-full e-flex e-con e-child\" data-id=\"0aa22d9\" data-element_type=\"container\">\n\t\t\t\t<div class=\"elementor-element elementor-element-f53c1bc elementor-widget elementor-widget-image\" data-id=\"f53c1bc\" data-element_type=\"widget\" data-widget_type=\"image.default\">\n\t\t\t\t<div class=\"elementor-widget-container\">\n\t\t\t\t\t\t\t\t\t\t\t\t\t<img decoding=\"async\" src=\"https:\/\/inovsaude.pt\/Odonto\/wp-content\/uploads\/2024\/07\/A7306542-scaled.jpg\" title=\"A7306542\" alt=\"A7306542\" loading=\"lazy\" \/>\t\t\t\t\t\t\t\t\t\t\t\t\t<\/div>\n\t\t\t\t<\/div>\n\t\t\t\t<div class=\"elementor-element elementor-element-15e003d elementor-widget elementor-widget-heading\" data-id=\"15e003d\" data-element_type=\"widget\" data-widget_type=\"heading.default\">\n\t\t\t\t<div class=\"elementor-widget-container\">\n\t\t\t<h2 class=\"elementor-heading-title elementor-size-default\">Botox em Est\u00e9tica: Real\u00e7ando a Beleza com Naturalidade e Seguran\u00e7a<\/h2>\t\t<\/div>\n\t\t\t\t<\/div>\n\t\t\t\t<div class=\"elementor-element elementor-element-60c5110 elementor-widget elementor-widget-text-editor\" data-id=\"60c5110\" data-element_type=\"widget\" data-widget_type=\"text-editor.default\">\n\t\t\t\t<div class=\"elementor-widget-container\">\n\t\t\t\t\t\t\t<p>O Botox \u00e9 um dos tratamentos est\u00e9ticos mais populares e eficazes para quem busca <br \/>rejuvenescimento facial de maneira sutil e natural.<\/p>\t\t\t\t\t\t<\/div>\n\t\t\t\t<\/div>\n\t\t\t\t<div class=\"elementor-element elementor-element-031a6ee elementor-widget elementor-widget-button\" data-id=\"031a6ee\" data-element_type=\"widget\" data-widget_type=\"button.default\">\n\t\t\t\t<div class=\"elementor-widget-container\">\n\t\t\t\t\t<div class=\"elementor-button-wrapper\">\n\t\t\t<a class=\"elementor-button elementor-button-link elementor-size-sm\" href=\"http:\/\/inovsaude.pt\/Odonto\/botox-em-estetica-realcando-a-beleza-com-naturalidade-e-seguranca\/\">\n\t\t\t\t\t\t<span class=\"elementor-button-content-wrapper\">\n\t\t\t\t\t\t\t\t\t<span class=\"elementor-button-text\">Ver mais<\/span>\n\t\t\t\t\t<\/span>\n\t\t\t\t\t<\/a>\n\t\t<\/div>\n\t\t\t\t<\/div>\n\t\t\t\t<\/div>\n\t\t\t\t<\/div>\n\t\t<div class=\"elementor-element elementor-element-08027cd e-con-full e-flex e-con e-child\" data-id=\"08027cd\" data-element_type=\"container\">\n\t\t\t\t<div class=\"elementor-element elementor-element-9630c13 elementor-widget elementor-widget-image\" data-id=\"9630c13\" data-element_type=\"widget\" data-widget_type=\"image.default\">\n\t\t\t\t<div class=\"elementor-widget-container\">\n\t\t\t\t\t\t\t\t\t\t\t\t\t<img decoding=\"async\" src=\"https:\/\/inovsaude.pt\/Odonto\/wp-content\/uploads\/2024\/07\/A7306441-scaled.jpg\" title=\"A7306441\" alt=\"A7306441\" loading=\"lazy\" \/>\t\t\t\t\t\t\t\t\t\t\t\t\t<\/div>\n\t\t\t\t<\/div>\n\t\t\t\t<div class=\"elementor-element elementor-element-eb4e7ae elementor-widget elementor-widget-heading\" data-id=\"eb4e7ae\" data-element_type=\"widget\" data-widget_type=\"heading.default\">\n\t\t\t\t<div class=\"elementor-widget-container\">\n\t\t\t<h2 class=\"elementor-heading-title elementor-size-default\">Bioestimuladores de Col\u00e1geno: Rejuvenescimento Facial Natural e Duradouro<\/h2>\t\t<\/div>\n\t\t\t\t<\/div>\n\t\t\t\t<div class=\"elementor-element elementor-element-844001f elementor-widget elementor-widget-text-editor\" data-id=\"844001f\" data-element_type=\"widget\" data-widget_type=\"text-editor.default\">\n\t\t\t\t<div class=\"elementor-widget-container\">\n\t\t\t\t\t\t\t<p>Os bioestimuladores de col\u00e1geno s\u00e3o uma op\u00e7\u00e3o inovadora e eficaz para quem busca <br \/>rejuvenescimento facial de forma natural.<\/p>\t\t\t\t\t\t<\/div>\n\t\t\t\t<\/div>\n\t\t\t\t<div class=\"elementor-element elementor-element-878bf47 elementor-widget elementor-widget-button\" data-id=\"878bf47\" data-element_type=\"widget\" data-widget_type=\"button.default\">\n\t\t\t\t<div class=\"elementor-widget-container\">\n\t\t\t\t\t<div class=\"elementor-button-wrapper\">\n\t\t\t<a class=\"elementor-button elementor-button-link elementor-size-sm\" href=\"http:\/\/inovsaude.pt\/Odonto\/bioestimuladores-de-colageno-rejuvenescimento-facial-natural-e-duradouro\/\">\n\t\t\t\t\t\t<span class=\"elementor-button-content-wrapper\">\n\t\t\t\t\t\t\t\t\t<span class=\"elementor-button-text\">Ver mais<\/span>\n\t\t\t\t\t<\/span>\n\t\t\t\t\t<\/a>\n\t\t<\/div>\n\t\t\t\t<\/div>\n\t\t\t\t<\/div>\n\t\t\t\t<\/div>\n\t\t<div class=\"elementor-element elementor-element-673e945 e-con-full e-flex e-con e-child\" data-id=\"673e945\" data-element_type=\"container\">\n\t\t\t\t<div class=\"elementor-element elementor-element-abf8a49 elementor-widget elementor-widget-image\" data-id=\"abf8a49\" data-element_type=\"widget\" data-widget_type=\"image.default\">\n\t\t\t\t<div class=\"elementor-widget-container\">\n\t\t\t\t\t\t\t\t\t\t\t\t\t<img decoding=\"async\" src=\"https:\/\/inovsaude.pt\/Odonto\/wp-content\/uploads\/2024\/07\/A7305826-Edit-scaled.jpg\" title=\"A7305826-Edit\" alt=\"A7305826-Edit\" loading=\"lazy\" \/>\t\t\t\t\t\t\t\t\t\t\t\t\t<\/div>\n\t\t\t\t<\/div>\n\t\t\t\t<div class=\"elementor-element elementor-element-15397fb elementor-widget elementor-widget-heading\" data-id=\"15397fb\" data-element_type=\"widget\" data-widget_type=\"heading.default\">\n\t\t\t\t<div class=\"elementor-widget-container\">\n\t\t\t<h2 class=\"elementor-heading-title elementor-size-default\">Est\u00e9tica Rosa e Est\u00e9tica Branca: A Harmonia Perfeita para um Sorriso Deslumbrante<\/h2>\t\t<\/div>\n\t\t\t\t<\/div>\n\t\t\t\t<div class=\"elementor-element elementor-element-9850a64 elementor-widget elementor-widget-text-editor\" data-id=\"9850a64\" data-element_type=\"widget\" data-widget_type=\"text-editor.default\">\n\t\t\t\t<div class=\"elementor-widget-container\">\n\t\t\t\t\t\t\t<p>Quando pensamos em um sorriso bonito, \u00e9 comum focarmos apenas nos dentes \u2013 sua <br \/>forma, cor e alinhamento.<\/p>\t\t\t\t\t\t<\/div>\n\t\t\t\t<\/div>\n\t\t\t\t<div class=\"elementor-element elementor-element-448d5b9 elementor-widget elementor-widget-button\" data-id=\"448d5b9\" data-element_type=\"widget\" data-widget_type=\"button.default\">\n\t\t\t\t<div class=\"elementor-widget-container\">\n\t\t\t\t\t<div class=\"elementor-button-wrapper\">\n\t\t\t<a class=\"elementor-button elementor-button-link elementor-size-sm\" href=\"http:\/\/inovsaude.pt\/Odonto\/estetica-rosa-e-estetica-branca-a-harmonia-perfeita-para-um-sorriso-deslumbrante\/\">\n\t\t\t\t\t\t<span class=\"elementor-button-content-wrapper\">\n\t\t\t\t\t\t\t\t\t<span class=\"elementor-button-text\">Ver mais<\/span>\n\t\t\t\t\t<\/span>\n\t\t\t\t\t<\/a>\n\t\t<\/div>\n\t\t\t\t<\/div>\n\t\t\t\t<\/div>\n\t\t\t\t<\/div>\n\t\t\t\t\t<\/div>\n\t\t\t\t<\/div>\n\t\t\t\t\t<\/div>\n\t\t\t\t<\/div>\n\t\t\t\t<\/div>\n\t\t","protected":false},"excerpt":{"rendered":"<p>Mat\u00e9rias sobre sa\u00fade oral Informe-se sobre as melhores formas para cuidar do seu sorriso A Import\u00e2ncia da Sa\u00fade Gengival para a Sa\u00fade Geral A sa\u00fade gengival \u00e9 um aspecto essencial da sa\u00fade bucal, mas seu impacto vai muito al\u00e9m da boca&#8230; Ver mais Bruxismo: entenda um pouco sobre o que \u00e9 e como tratar O [&hellip;]<\/p>\n","protected":false},"author":1,"featured_media":0,"parent":0,"menu_order":0,"comment_status":"closed","ping_status":"closed","template":"elementor_header_footer","meta":{"_joinchat":[],"footnotes":""},"_links":{"self":[{"href":"https:\/\/inovsaude.pt\/Odonto\/wp-json\/wp\/v2\/pages\/9"}],"collection":[{"href":"https:\/\/inovsaude.pt\/Odonto\/wp-json\/wp\/v2\/pages"}],"about":[{"href":"https:\/\/inovsaude.pt\/Odonto\/wp-json\/wp\/v2\/types\/page"}],"author":[{"embeddable":true,"href":"https:\/\/inovsaude.pt\/Odonto\/wp-json\/wp\/v2\/users\/1"}],"replies":[{"embeddable":true,"href":"https:\/\/inovsaude.pt\/Odonto\/wp-json\/wp\/v2\/comments?post=9"}],"version-history":[{"count":0,"href":"https:\/\/inovsaude.pt\/Odonto\/wp-json\/wp\/v2\/pages\/9\/revisions"}],"wp:attachment":[{"href":"https:\/\/inovsaude.pt\/Odonto\/wp-json\/wp\/v2\/media?parent=9"}],"curies":[{"name":"wp","href":"https:\/\/api.w.org\/{rel}","templated":true}]}}